{"id":1135,"date":"2023-04-07T19:39:32","date_gmt":"2023-04-07T19:39:32","guid":{"rendered":"https:\/\/naziolowej.pl\/?page_id=1135"},"modified":"2023-10-07T12:31:26","modified_gmt":"2023-10-07T12:31:26","slug":"zapis-na-warsztaty","status":"publish","type":"page","link":"https:\/\/naziolowej.pl\/index.php\/zapis-na-warsztaty\/","title":{"rendered":"Zapis na warsztaty"},"content":{"rendered":"\t\t<div data-elementor-type=\"wp-page\" data-elementor-id=\"1135\" class=\"elementor elementor-1135\">\n\t\t\t\t\t\t\t\t\t<section class=\"elementor-section elementor-top-section elementor-element elementor-element-f9b2295 elementor-section-boxed elementor-section-height-default elementor-section-height-default\" data-id=\"f9b2295\" data-element_type=\"section\" data-settings=\"{&quot;background_background&quot;:&quot;classic&quot;}\">\n\t\t\t\t\t\t<div class=\"elementor-container elementor-column-gap-default\">\n\t\t\t\t\t<div class=\"elementor-column elementor-col-100 elementor-top-column elementor-element elementor-element-00f72d5\" data-id=\"00f72d5\" data-element_type=\"column\">\n\t\t\t<div class=\"elementor-widget-wrap elementor-element-populated\">\n\t\t\t\t\t\t\t\t<div class=\"elementor-element elementor-element-a9ae6c0 elementor-widget elementor-widget-heading\" data-id=\"a9ae6c0\" data-element_type=\"widget\" data-widget_type=\"heading.default\">\n\t\t\t\t<div class=\"elementor-widget-container\">\n\t\t\t<style>\/*! elementor - v3.16.0 - 20-09-2023 *\/\n.elementor-heading-title{padding:0;margin:0;line-height:1}.elementor-widget-heading .elementor-heading-title[class*=elementor-size-]>a{color:inherit;font-size:inherit;line-height:inherit}.elementor-widget-heading .elementor-heading-title.elementor-size-small{font-size:15px}.elementor-widget-heading .elementor-heading-title.elementor-size-medium{font-size:19px}.elementor-widget-heading .elementor-heading-title.elementor-size-large{font-size:29px}.elementor-widget-heading .elementor-heading-title.elementor-size-xl{font-size:39px}.elementor-widget-heading .elementor-heading-title.elementor-size-xxl{font-size:59px}<\/style><h2 class=\"elementor-heading-title elementor-size-default\">Zapis na warsztaty<\/h2>\t\t<\/div>\n\t\t\t\t<\/div>\n\t\t\t\t<div class=\"elementor-element elementor-element-df7c87b elementor-widget-divider--view-line elementor-widget elementor-widget-divider\" data-id=\"df7c87b\" data-element_type=\"widget\" data-widget_type=\"divider.default\">\n\t\t\t\t<div class=\"elementor-widget-container\">\n\t\t\t<style>\/*! elementor - v3.16.0 - 20-09-2023 *\/\n.elementor-widget-divider{--divider-border-style:none;--divider-border-width:1px;--divider-color:#0c0d0e;--divider-icon-size:20px;--divider-element-spacing:10px;--divider-pattern-height:24px;--divider-pattern-size:20px;--divider-pattern-url:none;--divider-pattern-repeat:repeat-x}.elementor-widget-divider .elementor-divider{display:flex}.elementor-widget-divider .elementor-divider__text{font-size:15px;line-height:1;max-width:95%}.elementor-widget-divider .elementor-divider__element{margin:0 var(--divider-element-spacing);flex-shrink:0}.elementor-widget-divider .elementor-icon{font-size:var(--divider-icon-size)}.elementor-widget-divider .elementor-divider-separator{display:flex;margin:0;direction:ltr}.elementor-widget-divider--view-line_icon .elementor-divider-separator,.elementor-widget-divider--view-line_text .elementor-divider-separator{align-items:center}.elementor-widget-divider--view-line_icon .elementor-divider-separator:after,.elementor-widget-divider--view-line_icon .elementor-divider-separator:before,.elementor-widget-divider--view-line_text .elementor-divider-separator:after,.elementor-widget-divider--view-line_text .elementor-divider-separator:before{display:block;content:\"\";border-bottom:0;flex-grow:1;border-top:var(--divider-border-width) var(--divider-border-style) var(--divider-color)}.elementor-widget-divider--element-align-left .elementor-divider .elementor-divider-separator>.elementor-divider__svg:first-of-type{flex-grow:0;flex-shrink:100}.elementor-widget-divider--element-align-left .elementor-divider-separator:before{content:none}.elementor-widget-divider--element-align-left .elementor-divider__element{margin-left:0}.elementor-widget-divider--element-align-right .elementor-divider .elementor-divider-separator>.elementor-divider__svg:last-of-type{flex-grow:0;flex-shrink:100}.elementor-widget-divider--element-align-right .elementor-divider-separator:after{content:none}.elementor-widget-divider--element-align-right .elementor-divider__element{margin-right:0}.elementor-widget-divider:not(.elementor-widget-divider--view-line_text):not(.elementor-widget-divider--view-line_icon) .elementor-divider-separator{border-top:var(--divider-border-width) var(--divider-border-style) var(--divider-color)}.elementor-widget-divider--separator-type-pattern{--divider-border-style:none}.elementor-widget-divider--separator-type-pattern.elementor-widget-divider--view-line .elementor-divider-separator,.elementor-widget-divider--separator-type-pattern:not(.elementor-widget-divider--view-line) .elementor-divider-separator:after,.elementor-widget-divider--separator-type-pattern:not(.elementor-widget-divider--view-line) .elementor-divider-separator:before,.elementor-widget-divider--separator-type-pattern:not([class*=elementor-widget-divider--view]) .elementor-divider-separator{width:100%;min-height:var(--divider-pattern-height);-webkit-mask-size:var(--divider-pattern-size) 100%;mask-size:var(--divider-pattern-size) 100%;-webkit-mask-repeat:var(--divider-pattern-repeat);mask-repeat:var(--divider-pattern-repeat);background-color:var(--divider-color);-webkit-mask-image:var(--divider-pattern-url);mask-image:var(--divider-pattern-url)}.elementor-widget-divider--no-spacing{--divider-pattern-size:auto}.elementor-widget-divider--bg-round{--divider-pattern-repeat:round}.rtl .elementor-widget-divider .elementor-divider__text{direction:rtl}.e-con-inner>.elementor-widget-divider,.e-con>.elementor-widget-divider{width:var(--container-widget-width,100%);--flex-grow:var(--container-widget-flex-grow)}<\/style>\t\t<div class=\"elementor-divider\">\n\t\t\t<span class=\"elementor-divider-separator\">\n\t\t\t\t\t\t<\/span>\n\t\t<\/div>\n\t\t\t\t<\/div>\n\t\t\t\t<\/div>\n\t\t\t\t\t<\/div>\n\t\t<\/div>\n\t\t\t\t\t\t\t<\/div>\n\t\t<\/section>\n\t\t\t\t<section class=\"elementor-section elementor-top-section elementor-element elementor-element-3da163a3 elementor-section-boxed elementor-section-height-default elementor-section-height-default\" data-id=\"3da163a3\" data-element_type=\"section\">\n\t\t\t\t\t\t<div class=\"elementor-container elementor-column-gap-default\">\n\t\t\t\t\t<div class=\"elementor-column elementor-col-100 elementor-top-column elementor-element elementor-element-2e66fc09\" data-id=\"2e66fc09\" data-element_type=\"column\">\n\t\t\t<div class=\"elementor-widget-wrap elementor-element-populated\">\n\t\t\t\t\t\t\t\t<div class=\"elementor-element elementor-element-28c6bed8 elementor-widget elementor-widget-text-editor\" data-id=\"28c6bed8\" data-element_type=\"widget\" data-widget_type=\"text-editor.default\">\n\t\t\t\t<div class=\"elementor-widget-container\">\n\t\t\t<style>\/*! elementor - v3.16.0 - 20-09-2023 *\/\n.elementor-widget-text-editor.elementor-drop-cap-view-stacked .elementor-drop-cap{background-color:#69727d;color:#fff}.elementor-widget-text-editor.elementor-drop-cap-view-framed .elementor-drop-cap{color:#69727d;border:3px solid;background-color:transparent}.elementor-widget-text-editor:not(.elementor-drop-cap-view-default) .elementor-drop-cap{margin-top:8px}.elementor-widget-text-editor:not(.elementor-drop-cap-view-default) .elementor-drop-cap-letter{width:1em;height:1em}.elementor-widget-text-editor .elementor-drop-cap{float:left;text-align:center;line-height:1;font-size:50px}.elementor-widget-text-editor .elementor-drop-cap-letter{display:inline-block}<\/style>\t\t\t\t<!-- wp:contact-form-7\/contact-form-selector {\"id\":1102,\"title\":\"Formularz 1\"} -->\n<div class=\"wp-block-contact-form-7-contact-form-selector\">\n<div class=\"wpcf7 no-js\" id=\"wpcf7-f1102-o1\" lang=\"pl-PL\" dir=\"ltr\">\n<div class=\"screen-reader-response\"><p role=\"status\" aria-live=\"polite\" aria-atomic=\"true\"><\/p> <ul><\/ul><\/div>\n<form action=\"\/index.php\/wp-json\/wp\/v2\/pages\/1135#wpcf7-f1102-o1\" method=\"post\" class=\"wpcf7-form init\" aria-label=\"Formularz kontaktowy\" novalidate=\"novalidate\" data-status=\"init\">\n<div style=\"display: none;\">\n<input type=\"hidden\" name=\"_wpcf7\" value=\"1102\" \/>\n<input type=\"hidden\" name=\"_wpcf7_version\" value=\"5.8.1\" \/>\n<input type=\"hidden\" name=\"_wpcf7_locale\" value=\"pl_PL\" \/>\n<input type=\"hidden\" name=\"_wpcf7_unit_tag\" value=\"wpcf7-f1102-o1\" \/>\n<input type=\"hidden\" name=\"_wpcf7_container_post\" value=\"0\" \/>\n<input type=\"hidden\" name=\"_wpcf7_posted_data_hash\" value=\"\" \/>\n<\/div>\n<p><label> Twoje imi\u0119<br \/>\n<span class=\"wpcf7-form-control-wrap\" data-name=\"your-name\"><input size=\"40\" class=\"wpcf7-form-control wpcf7-text wpcf7-validates-as-required\" autocomplete=\"name\" aria-required=\"true\" aria-invalid=\"false\" value=\"\" type=\"text\" name=\"your-name\" \/><\/span> <\/label>\n<\/p>\n<p><label> Tw\u00f3j adres e-mail<br \/>\n<span class=\"wpcf7-form-control-wrap\" data-name=\"your-email\"><input size=\"40\" class=\"wpcf7-form-control wpcf7-email wpcf7-validates-as-required wpcf7-text wpcf7-validates-as-email\" autocomplete=\"email\" aria-required=\"true\" aria-invalid=\"false\" value=\"\" type=\"email\" name=\"your-email\" \/><\/span> <\/label>\n<\/p>\n<p><label> Tw\u00f3j numer telefonu<br \/>\n<span class=\"wpcf7-form-control-wrap\" data-name=\"tel-3\"><input size=\"40\" class=\"wpcf7-form-control wpcf7-tel wpcf7-text wpcf7-validates-as-tel\" aria-invalid=\"false\" value=\"\" type=\"tel\" name=\"tel-3\" \/><\/span> <\/label>\n<\/p>\n<p><label> Wybieram warsztat<br \/>\n<span class=\"wpcf7-form-control-wrap\" data-name=\"radio-warsztat\"><span class=\"wpcf7-form-control wpcf7-radio\"><span class=\"wpcf7-list-item first\"><label><span class=\"wpcf7-list-item-label\">Dzika kuchnia<\/span><input type=\"radio\" name=\"radio-warsztat\" value=\"Dzika kuchnia\" checked=\"checked\" \/><\/label><\/span><span class=\"wpcf7-list-item\"><label><span class=\"wpcf7-list-item-label\">Spacer zielarski<\/span><input type=\"radio\" name=\"radio-warsztat\" value=\"Spacer zielarski\" \/><\/label><\/span><span class=\"wpcf7-list-item\"><label><span class=\"wpcf7-list-item-label\">Kadzid\u0142a naturalne<\/span><input type=\"radio\" name=\"radio-warsztat\" value=\"Kadzid\u0142a naturalne\" \/><\/label><\/span><span class=\"wpcf7-list-item\"><label><span class=\"wpcf7-list-item-label\">Apteczka zio\u0142owa<\/span><input type=\"radio\" name=\"radio-warsztat\" value=\"Apteczka zio\u0142owa\" \/><\/label><\/span><span class=\"wpcf7-list-item\"><label><span class=\"wpcf7-list-item-label\">Medycyna ludowa i magiczne znaczenie zi\u00f3\u0142<\/span><input type=\"radio\" name=\"radio-warsztat\" value=\"Medycyna ludowa i magiczne znaczenie zi\u00f3\u0142\" \/><\/label><\/span><span class=\"wpcf7-list-item last\"><label><span class=\"wpcf7-list-item-label\">Inne (napisz, czego potrzebujesz)<\/span><input type=\"radio\" name=\"radio-warsztat\" value=\"Inne (napisz, czego potrzebujesz)\" \/><\/label><\/span><\/span><\/span> <\/label>\n<\/p>\n<p><label> Twoja wiadomo\u015b\u0107 (opcjonalne)<br \/>\n<span class=\"wpcf7-form-control-wrap\" data-name=\"text-wiad\"><input size=\"40\" class=\"wpcf7-form-control wpcf7-text\" id=\"my-textarea\" aria-invalid=\"false\" value=\"\" type=\"text\" name=\"text-wiad\" \/><\/span> <\/label>\n<\/p>\n<p><span class=\"wpcf7-form-control-wrap\" data-name=\"zgoda\"><span class=\"wpcf7-form-control wpcf7-acceptance\"><span class=\"wpcf7-list-item\"><label><input type=\"checkbox\" name=\"zgoda\" value=\"1\" class=\"zgoda-Kontakt\" aria-invalid=\"false\" \/><span class=\"wpcf7-list-item-label\">* Wyra\u017cam zgod\u0119 na przetwarzanie moich danych osobowych z tego formularza (zgodnych z <a href=\"https:\/\/naziolowej.pl\/index.php\/polityka-prywatnosci\/\">Polityk\u0105 Prywatno\u015bci<\/a>).Rozumiem, \u017ce jest to konieczne, je\u015bli chc\u0119 otrzyma\u0107 odpowied\u017a na moje zg\u0142oszenie.<\/span><\/label><\/span><\/span><\/span>\n<\/p>\n<p><input class=\"wpcf7-form-control wpcf7-submit has-spinner\" type=\"submit\" value=\"Wy\u015blij\" \/>\n<\/p><div class=\"wpcf7-response-output\" aria-hidden=\"true\"><\/div>\n<\/form>\n<\/div>\n<\/div>\n<!-- \/wp:contact-form-7\/contact-form-selector -->\t\t\t\t\t\t<\/div>\n\t\t\t\t<\/div>\n\t\t\t\t\t<\/div>\n\t\t<\/div>\n\t\t\t\t\t\t\t<\/div>\n\t\t<\/section>\n\t\t\t\t\t\t\t<\/div>\n\t\t","protected":false},"excerpt":{"rendered":"<p>Zapis na warsztaty<\/p>\n","protected":false},"author":1,"featured_media":0,"parent":0,"menu_order":0,"comment_status":"closed","ping_status":"closed","template":"elementor_header_footer","meta":{"_uag_custom_page_level_css":"","site-sidebar-layout":"default","site-content-layout":"","ast-site-content-layout":"","site-content-style":"default","site-sidebar-style":"default","ast-global-header-display":"","ast-banner-title-visibility":"","ast-main-header-display":"","ast-hfb-above-header-display":"","ast-hfb-below-header-display":"","ast-hfb-mobile-header-display":"","site-post-title":"","ast-breadcrumbs-content":"","ast-featured-img":"","footer-sml-layout":"","theme-transparent-header-meta":"","adv-header-id-meta":"","stick-header-meta":"","header-above-stick-meta":"","header-main-stick-meta":"","header-below-stick-meta":"","astra-migrate-meta-layouts":"","footnotes":""},"yoast_head":"<!-- This site is optimized with the Yoast SEO plugin v21.3 - https:\/\/yoast.com\/wordpress\/plugins\/seo\/ -->\n<title>Zapis na warsztaty - Na Zio\u0142owej<\/title>\n<meta name=\"description\" content=\"O jakich warsztatach zielarskich marzysz? Napisz! Inspiruj\u0105 mnie Twoje potrzeby i potencja\u0142 okolicznej przyrody. Znajd\u0119 w nich motyw przewodni spotkania.\" \/>\n<meta name=\"robots\" content=\"index, follow, max-snippet:-1, max-image-preview:large, max-video-preview:-1\" \/>\n<link rel=\"canonical\" href=\"https:\/\/naziolowej.pl\/index.php\/zapis-na-warsztaty\/\" \/>\n<meta property=\"og:locale\" content=\"pl_PL\" \/>\n<meta property=\"og:type\" content=\"article\" \/>\n<meta property=\"og:title\" content=\"Zapis na warsztaty - Na Zio\u0142owej\" \/>\n<meta property=\"og:description\" content=\"O jakich warsztatach zielarskich marzysz? Napisz! Inspiruj\u0105 mnie Twoje potrzeby i potencja\u0142 okolicznej przyrody. Znajd\u0119 w nich motyw przewodni spotkania.\" \/>\n<meta property=\"og:url\" content=\"https:\/\/naziolowej.pl\/index.php\/zapis-na-warsztaty\/\" \/>\n<meta property=\"og:site_name\" content=\"Na Zio\u0142owej\" \/>\n<meta property=\"article:publisher\" content=\"https:\/\/www.facebook.com\/naziolowej\" \/>\n<meta property=\"article:modified_time\" content=\"2023-10-07T12:31:26+00:00\" \/>\n<meta name=\"twitter:card\" content=\"summary_large_image\" \/>\n<meta name=\"twitter:label1\" content=\"Szacowany czas czytania\" \/>\n\t<meta name=\"twitter:data1\" content=\"1 minuta\" \/>\n<script type=\"application\/ld+json\" class=\"yoast-schema-graph\">{\"@context\":\"https:\/\/schema.org\",\"@graph\":[{\"@type\":\"WebPage\",\"@id\":\"https:\/\/naziolowej.pl\/index.php\/zapis-na-warsztaty\/\",\"url\":\"https:\/\/naziolowej.pl\/index.php\/zapis-na-warsztaty\/\",\"name\":\"Zapis na warsztaty - Na Zio\u0142owej\",\"isPartOf\":{\"@id\":\"https:\/\/naziolowej.pl\/#website\"},\"datePublished\":\"2023-04-07T19:39:32+00:00\",\"dateModified\":\"2023-10-07T12:31:26+00:00\",\"description\":\"O jakich warsztatach zielarskich marzysz? Napisz! Inspiruj\u0105 mnie Twoje potrzeby i potencja\u0142 okolicznej przyrody. Znajd\u0119 w nich motyw przewodni spotkania.\",\"breadcrumb\":{\"@id\":\"https:\/\/naziolowej.pl\/index.php\/zapis-na-warsztaty\/#breadcrumb\"},\"inLanguage\":\"pl-PL\",\"potentialAction\":[{\"@type\":\"ReadAction\",\"target\":[\"https:\/\/naziolowej.pl\/index.php\/zapis-na-warsztaty\/\"]}]},{\"@type\":\"BreadcrumbList\",\"@id\":\"https:\/\/naziolowej.pl\/index.php\/zapis-na-warsztaty\/#breadcrumb\",\"itemListElement\":[{\"@type\":\"ListItem\",\"position\":1,\"name\":\"Strona g\u0142\u00f3wna\",\"item\":\"https:\/\/naziolowej.pl\/\"},{\"@type\":\"ListItem\",\"position\":2,\"name\":\"Zapis na warsztaty\"}]},{\"@type\":\"WebSite\",\"@id\":\"https:\/\/naziolowej.pl\/#website\",\"url\":\"https:\/\/naziolowej.pl\/\",\"name\":\"Na Zio\u0142owej\",\"description\":\"Z pasj\u0105 o zio\u0142ach\",\"publisher\":{\"@id\":\"https:\/\/naziolowej.pl\/#organization\"},\"potentialAction\":[{\"@type\":\"SearchAction\",\"target\":{\"@type\":\"EntryPoint\",\"urlTemplate\":\"https:\/\/naziolowej.pl\/?s={search_term_string}\"},\"query-input\":\"required name=search_term_string\"}],\"inLanguage\":\"pl-PL\"},{\"@type\":\"Organization\",\"@id\":\"https:\/\/naziolowej.pl\/#organization\",\"name\":\"Na Zio\u0142owej\",\"url\":\"https:\/\/naziolowej.pl\/\",\"logo\":{\"@type\":\"ImageObject\",\"inLanguage\":\"pl-PL\",\"@id\":\"https:\/\/naziolowej.pl\/#\/schema\/logo\/image\/\",\"url\":\"https:\/\/naziolowej.pl\/wp-content\/uploads\/2023\/01\/cropped-1ZNAK-WODNY_RGB.png\",\"contentUrl\":\"https:\/\/naziolowej.pl\/wp-content\/uploads\/2023\/01\/cropped-1ZNAK-WODNY_RGB.png\",\"width\":1339,\"height\":1561,\"caption\":\"Na Zio\u0142owej\"},\"image\":{\"@id\":\"https:\/\/naziolowej.pl\/#\/schema\/logo\/image\/\"},\"sameAs\":[\"https:\/\/www.facebook.com\/naziolowej\"]}]}<\/script>\n<!-- \/ Yoast SEO plugin. -->","yoast_head_json":{"title":"Zapis na warsztaty - Na Zio\u0142owej","description":"O jakich warsztatach zielarskich marzysz? Napisz! Inspiruj\u0105 mnie Twoje potrzeby i potencja\u0142 okolicznej przyrody. Znajd\u0119 w nich motyw przewodni spotkania.","robots":{"index":"index","follow":"follow","max-snippet":"max-snippet:-1","max-image-preview":"max-image-preview:large","max-video-preview":"max-video-preview:-1"},"canonical":"https:\/\/naziolowej.pl\/index.php\/zapis-na-warsztaty\/","og_locale":"pl_PL","og_type":"article","og_title":"Zapis na warsztaty - Na Zio\u0142owej","og_description":"O jakich warsztatach zielarskich marzysz? Napisz! Inspiruj\u0105 mnie Twoje potrzeby i potencja\u0142 okolicznej przyrody. Znajd\u0119 w nich motyw przewodni spotkania.","og_url":"https:\/\/naziolowej.pl\/index.php\/zapis-na-warsztaty\/","og_site_name":"Na Zio\u0142owej","article_publisher":"https:\/\/www.facebook.com\/naziolowej","article_modified_time":"2023-10-07T12:31:26+00:00","twitter_card":"summary_large_image","twitter_misc":{"Szacowany czas czytania":"1 minuta"},"schema":{"@context":"https:\/\/schema.org","@graph":[{"@type":"WebPage","@id":"https:\/\/naziolowej.pl\/index.php\/zapis-na-warsztaty\/","url":"https:\/\/naziolowej.pl\/index.php\/zapis-na-warsztaty\/","name":"Zapis na warsztaty - Na Zio\u0142owej","isPartOf":{"@id":"https:\/\/naziolowej.pl\/#website"},"datePublished":"2023-04-07T19:39:32+00:00","dateModified":"2023-10-07T12:31:26+00:00","description":"O jakich warsztatach zielarskich marzysz? Napisz! Inspiruj\u0105 mnie Twoje potrzeby i potencja\u0142 okolicznej przyrody. Znajd\u0119 w nich motyw przewodni spotkania.","breadcrumb":{"@id":"https:\/\/naziolowej.pl\/index.php\/zapis-na-warsztaty\/#breadcrumb"},"inLanguage":"pl-PL","potentialAction":[{"@type":"ReadAction","target":["https:\/\/naziolowej.pl\/index.php\/zapis-na-warsztaty\/"]}]},{"@type":"BreadcrumbList","@id":"https:\/\/naziolowej.pl\/index.php\/zapis-na-warsztaty\/#breadcrumb","itemListElement":[{"@type":"ListItem","position":1,"name":"Strona g\u0142\u00f3wna","item":"https:\/\/naziolowej.pl\/"},{"@type":"ListItem","position":2,"name":"Zapis na warsztaty"}]},{"@type":"WebSite","@id":"https:\/\/naziolowej.pl\/#website","url":"https:\/\/naziolowej.pl\/","name":"Na Zio\u0142owej","description":"Z pasj\u0105 o zio\u0142ach","publisher":{"@id":"https:\/\/naziolowej.pl\/#organization"},"potentialAction":[{"@type":"SearchAction","target":{"@type":"EntryPoint","urlTemplate":"https:\/\/naziolowej.pl\/?s={search_term_string}"},"query-input":"required name=search_term_string"}],"inLanguage":"pl-PL"},{"@type":"Organization","@id":"https:\/\/naziolowej.pl\/#organization","name":"Na Zio\u0142owej","url":"https:\/\/naziolowej.pl\/","logo":{"@type":"ImageObject","inLanguage":"pl-PL","@id":"https:\/\/naziolowej.pl\/#\/schema\/logo\/image\/","url":"https:\/\/naziolowej.pl\/wp-content\/uploads\/2023\/01\/cropped-1ZNAK-WODNY_RGB.png","contentUrl":"https:\/\/naziolowej.pl\/wp-content\/uploads\/2023\/01\/cropped-1ZNAK-WODNY_RGB.png","width":1339,"height":1561,"caption":"Na Zio\u0142owej"},"image":{"@id":"https:\/\/naziolowej.pl\/#\/schema\/logo\/image\/"},"sameAs":["https:\/\/www.facebook.com\/naziolowej"]}]}},"uagb_featured_image_src":{"full":false,"thumbnail":false,"medium":false,"medium_large":false,"large":false,"1536x1536":false,"2048x2048":false},"uagb_author_info":{"display_name":"admin","author_link":"https:\/\/naziolowej.pl\/index.php\/author\/admin\/"},"uagb_comment_info":0,"uagb_excerpt":"Zapis na warsztaty","_links":{"self":[{"href":"https:\/\/naziolowej.pl\/index.php\/wp-json\/wp\/v2\/pages\/1135"}],"collection":[{"href":"https:\/\/naziolowej.pl\/index.php\/wp-json\/wp\/v2\/pages"}],"about":[{"href":"https:\/\/naziolowej.pl\/index.php\/wp-json\/wp\/v2\/types\/page"}],"author":[{"embeddable":true,"href":"https:\/\/naziolowej.pl\/index.php\/wp-json\/wp\/v2\/users\/1"}],"replies":[{"embeddable":true,"href":"https:\/\/naziolowej.pl\/index.php\/wp-json\/wp\/v2\/comments?post=1135"}],"version-history":[{"count":7,"href":"https:\/\/naziolowej.pl\/index.php\/wp-json\/wp\/v2\/pages\/1135\/revisions"}],"predecessor-version":[{"id":1992,"href":"https:\/\/naziolowej.pl\/index.php\/wp-json\/wp\/v2\/pages\/1135\/revisions\/1992"}],"wp:attachment":[{"href":"https:\/\/naziolowej.pl\/index.php\/wp-json\/wp\/v2\/media?parent=1135"}],"curies":[{"name":"wp","href":"https:\/\/api.w.org\/{rel}","templated":true}]}}